{"id":2760,"date":"2021-12-09T11:27:52","date_gmt":"2021-12-09T11:27:52","guid":{"rendered":"https:\/\/cembogatell.com\/festa-aniversari\/"},"modified":"2026-03-23T13:15:41","modified_gmt":"2026-03-23T12:15:41","slug":"fiesta-aniversario","status":"publish","type":"page","link":"https:\/\/cembogatell.com\/es\/fiesta-aniversario\/","title":{"rendered":"Fiesta de aniversario"},"content":{"rendered":"<div class=\"wpb-content-wrapper\"><p>[vc_row full_width=\u00bbstretch_row_content_no_spaces\u00bb type=\u00bbvc_default\u00bb css=\u00bb.vc_custom_1708602701356{margin-bottom: -10px !important;background-image: url(https:\/\/cembogatell.com\/wp-content\/uploads\/sites\/35\/2023\/09\/BOG-aniversari-futbol.webp?id=5023) !important;background-position: center !important;background-repeat: no-repeat !important;background-size: cover !important;}\u00bb][vc_column offset=\u00bbvc_hidden-lg vc_hidden-md vc_hidden-sm\u00bb css=\u00bb.vc_custom_1708602376131{margin-bottom: -30px !important;}\u00bb][vc_column_text css=\u00bb.vc_custom_1708603812123{padding-top: 33px !important;padding-right: 30px !important;padding-bottom: 63px !important;padding-left: 30px !important;}\u00bb]<\/p>\n<p style=\"text-align: center; font-family: Roboto; font-size: 35px; line-height: 40px;\"><span style=\"color: #ffffff;\"><strong>Fiesta de aniversario: \u00a1cel\u00e9brala con nosotros!<\/strong><\/span><\/p>\n<p>[\/vc_column_text][\/vc_column][\/vc_row][vc_row full_width=\u00bbstretch_row_content_no_spaces\u00bb type=\u00bbvc_default\u00bb css=\u00bb.vc_custom_1694709487701{margin-bottom: 30px !important;background-image: url(https:\/\/cembogatell.com\/wp-content\/uploads\/sites\/35\/2023\/09\/BOG-aniversari-futbol.webp?id=5023) !important;background-position: center !important;background-repeat: no-repeat !important;background-size: cover !important;}\u00bb][vc_column offset=\u00bbvc_hidden-xs\u00bb][vc_custom_heading text=\u00bbFiesta de cumplea\u00f1os: \u00a1cel\u00e9brala con nosotros!\u00bb font_container=\u00bbtag:h1|font_size:50px|text_align:center|color:%23ffffff|line_height:60px\u00bb use_theme_fonts=\u00bbyes\u00bb css=\u00bb.vc_custom_1755689370765{padding-top: 151px !important;padding-bottom: 160px !important;}\u00bb][\/vc_column][\/vc_row][vc_row][vc_column][vc_custom_heading text=\u00bb\u00a1Fiesta de cumplea\u00f1os para los m\u00e1s peque\u00f1os y peque\u00f1as!\u00bb font_container=\u00bbtag:h2|font_size:36|text_align:left|line_height:40px\u00bb use_theme_fonts=\u00bbyes\u00bb css=\u00bb.vc_custom_1755689378381{margin-top: -3% !important;}\u00bb][vc_separator][\/vc_column][\/vc_row][vc_row gap=\u00bb35&#8243; type=\u00bbvc_default\u00bb margin_top=\u00bb5%\u00bb][vc_column width=\u00bb2\/3&#8243;][vc_column_text css=\u00bb.vc_custom_1708604331259{margin-top: -8px !important;}\u00bb]<strong>\u00bfQuieres celebrar el cumplea\u00f1os de tus hijos o hijas de una manera divertida y diferente?<\/strong><\/p>\n<p>En el CEM Bogatell, \u00a1te organizamos la fiesta de aniversario! Podr\u00e9is venir con amigos y amigas a jugar a f\u00fatbol en nuestro campo de c\u00e9sped artificial.<\/p>\n<p>Reserva ahora y \u00a1venid a vivir una experiencia muy deportiva y al aire libre![\/vc_column_text][vc_row_inner][vc_column_inner offset=\u00bbvc_hidden-lg vc_hidden-md vc_hidden-sm\u00bb][vc_btn title=\u00bbRESERVA AQU\u00cd\u00bb style=\u00bbflat\u00bb shape=\u00bbround\u00bb color=\u00bbwarning\u00bb align=\u00bbcenter\u00bb css=\u00bb.vc_custom_1774267982277{margin-bottom: 40px !important;}\u00bb button_block=\u00bbtrue\u00bb link=\u00bburl:%23formulari\u00bb][\/vc_column_inner][\/vc_row_inner][vc_custom_heading text=\u00bbActividades y espacios\u00bb use_theme_fonts=\u00bbyes\u00bb css=\u00bb.vc_custom_1747663783713{margin-bottom: 20px !important;}\u00bb][vc_column_text css=\u00bb.vc_custom_1708603422404{margin-bottom: 15px !important;}\u00bb]La actividad incluye:[\/vc_column_text]<div class=\"standard-arrow list-divider bullet-top\"><ul>\n<li><strong>1 hora de f\u00fatbol<\/strong> en nuestro campo de c\u00e9sped artificial.<\/li>\n<li><strong>1 hora de merienda o almuerzo <\/strong>en la cafeter\u00eda exterior del centro.<\/li>\n<\/ul>\n<\/div>[vc_custom_heading text=\u00bbHorario\u00bb use_theme_fonts=\u00bbyes\u00bb css=\u00bb.vc_custom_1747663766897{margin-top: 27px !important;margin-bottom: 20px !important;}\u00bb][vc_column_text]Consulta la disponibilidad de horarios rellenando el formulario que encontrar\u00e1s en esta p\u00e1gina.[\/vc_column_text][vc_custom_heading text=\u00bbCondiciones y precios\u00bb use_theme_fonts=\u00bbyes\u00bb css=\u00bb.vc_custom_1747663773345{margin-bottom: 20px !important;}\u00bb]<div class=\"standard-arrow list-divider bullet-top\"><ul>\n<li><strong>M\u00ednimo de participantes:<\/strong> 12<\/li>\n<li><strong>Edad m\u00ednima:<\/strong> 4 a\u00f1os.<\/li>\n<li><strong>1 hora de juego + merienda\/almuerzo* (incluye picapica de patatas chips variadas, una botella de agua, un refresco y un bocadillo):<\/strong> 16 \u20ac por ni\u00f1o\/a.<\/li>\n<\/ul>\n<p>* Intolerancias bajo petici\u00f3n. No se incluye pastel (a cargo de la familia) ni consumiciones de acompa\u00f1antes que se queden en la terraza durante la fiesta. No se pueden llevar bebidas ni comida propia (excepto el pastel de la fiesta). Los bocadillos a elegir pueden ser fr\u00edos (fuet, chorizo, queso, jam\u00f3n serrano, jam\u00f3n york o Nutella) o calientes (frankfurt, frankfurt picante o bikini).<\/p>\n<\/div>[vc_custom_heading text=\u00bb\u00a1Felicidades!\u00bb use_theme_fonts=\u00bbyes\u00bb css=\u00bb.vc_custom_1747663778265{margin-top: 36px !important;margin-bottom: 20px !important;}\u00bb][vc_column_text css=\u00bb.vc_custom_1708603699460{margin-bottom: 15px !important;}\u00bb]Regala a los m\u00e1s peque\u00f1os y peque\u00f1as un buen rato de f\u00fatbol en el CEM Bogatell. \u00a1Disfrutar\u00e1n de su pasi\u00f3n con familia, amigos y amigas!<\/p>\n<p>No lo dudes m\u00e1s y \u00a1celebra un cumplea\u00f1os muy especial con nosotros![\/vc_column_text][\/vc_column][vc_column width=\u00bb1\/3&#8243; css=\u00bb.vc_custom_1748432128735{margin-top: -2px !important;margin-bottom: -13px !important;padding-top: 30px !important;padding-right: 30px !important;padding-bottom: 20px !important;padding-left: 30px !important;background-color: #f2f2f2 !important;}\u00bb el_id=\u00bbformulari\u00bb][vc_column_text css=\u00bb.vc_custom_1708603709973{margin-bottom: 10px !important;}\u00bb]<span style=\"font-size: 20pt; color: #ff9900;\"><strong>\u00a1RESERVA AHORA!<\/strong><\/span>[\/vc_column_text][vc_column_text css=\u00bb.vc_custom_1708603723756{margin-bottom: 15px !important;}\u00bb]<\/p>\n<div class=\"standard-arrow list-divider bullet-top\">\n<div class=\"traductor-textarea form-group\">\n<div class=\"textarea-desti col-xs-12 col-sm-6\">\n<div class=\"form-control second-textarea\">Cont\u00e1ctanos en este formulario:<\/div>\n<\/div>\n<\/div>\n<\/div>\n<p>[\/vc_column_text]\n<div class=\"wpcf7 no-js\" id=\"wpcf7-f2742-o1\" lang=\"es-ES\" dir=\"ltr\" data-wpcf7-id=\"2742\">\n<div class=\"screen-reader-response\"><p role=\"status\" aria-live=\"polite\" aria-atomic=\"true\"><\/p> <ul><\/ul><\/div>\n<form action=\"\/es\/wp-json\/wp\/v2\/pages\/2760#wpcf7-f2742-o1\" method=\"post\" class=\"wpcf7-form init wpcf7-acceptance-as-validation\" aria-label=\"Formulario de contacto\" novalidate=\"novalidate\" data-status=\"init\">\n<fieldset class=\"hidden-fields-container\"><input type=\"hidden\" name=\"_wpcf7\" value=\"2742\" \/><input type=\"hidden\" name=\"_wpcf7_version\" value=\"6.1.4\" \/><input type=\"hidden\" name=\"_wpcf7_locale\" value=\"es_ES\" \/><input type=\"hidden\" name=\"_wpcf7_unit_tag\" value=\"wpcf7-f2742-o1\" \/><input type=\"hidden\" name=\"_wpcf7_container_post\" value=\"0\" \/><input type=\"hidden\" name=\"_wpcf7_posted_data_hash\" value=\"\" \/>\n<\/fieldset>\n<p>Nombre y apellidos\n<\/p>\n<p><span class=\"wpcf7-form-control-wrap\" data-name=\"your-name\"><input size=\"40\" maxlength=\"400\" class=\"wpcf7-form-control wpcf7-text wpcf7-validates-as-required\" aria-required=\"true\" aria-invalid=\"false\" value=\"\" type=\"text\" name=\"your-name\" \/><\/span>\n<\/p>\n<p>Email\n<\/p>\n<p><span class=\"wpcf7-form-control-wrap\" data-name=\"your-email\"><input size=\"40\" maxlength=\"400\" class=\"wpcf7-form-control wpcf7-email wpcf7-validates-as-required wpcf7-text wpcf7-validates-as-email\" aria-required=\"true\" aria-invalid=\"false\" value=\"\" type=\"email\" name=\"your-email\" \/><\/span>\n<\/p>\n<p>Tel\u00e9fono\n<\/p>\n<p><span class=\"wpcf7-form-control-wrap\" data-name=\"tel-433\"><input size=\"40\" maxlength=\"9\" minlength=\"9\" class=\"wpcf7-form-control wpcf7-tel wpcf7-validates-as-required wpcf7-text wpcf7-validates-as-tel\" aria-required=\"true\" aria-invalid=\"false\" value=\"\" type=\"tel\" name=\"tel-433\" \/><\/span>\n<\/p>\n<p>Mensaje\n<\/p>\n<p><span class=\"wpcf7-form-control-wrap\" data-name=\"your-message\"><textarea cols=\"40\" rows=\"10\" maxlength=\"2000\" class=\"wpcf7-form-control wpcf7-textarea wpcf7-validates-as-required\" aria-required=\"true\" aria-invalid=\"false\" name=\"your-message\"><\/textarea><\/span>\n<\/p>\n<input class=\"wpcf7-form-control wpcf7-hidden\" value=\"\" type=\"hidden\" name=\"utm_source\" \/>\n<input class=\"wpcf7-form-control wpcf7-hidden\" value=\"\" type=\"hidden\" name=\"utm_medium\" \/>\n<input class=\"wpcf7-form-control wpcf7-hidden\" value=\"\" type=\"hidden\" name=\"utm_campaign\" \/>\n<input class=\"wpcf7-form-control wpcf7-hidden\" value=\"\" type=\"hidden\" name=\"utm_term\" \/>\n<input class=\"wpcf7-form-control wpcf7-hidden\" value=\"\" type=\"hidden\" name=\"utm_content\" \/>\n<div class=\"cf7-cf-turnstile\" style=\"margin-top: 0px; margin-bottom: -15px;\"> <div id=\"cf-turnstile-cf7-2833486034\" class=\"cf-turnstile\" data-sitekey=\"0x4AAAAAAA7bsu0VxKJ7XF9K\" data-theme=\"light\" data-language=\"auto\" data-size=\"normal\" data-retry=\"auto\" data-retry-interval=\"1000\" data-refresh-expired=\"auto\" data-action=\"contact-form-7\" data-appearance=\"interaction-only\"><\/div> <script>document.addEventListener(\"DOMContentLoaded\", function() { setTimeout(function(){ var e=document.getElementById(\"cf-turnstile-cf7-2833486034\"); e&&!e.innerHTML.trim()&&(turnstile.remove(\"#cf-turnstile-cf7-2833486034\"), turnstile.render(\"#cf-turnstile-cf7-2833486034\", {sitekey:\"0x4AAAAAAA7bsu0VxKJ7XF9K\"})); }, 100); });<\/script> <style>#cf-turnstile-cf7-2833486034 iframe { margin-bottom: 15px; }<\/style> <style>#cf-turnstile-cf7-2833486034 { margin-left: -15px; }<\/style> <script>document.addEventListener(\"DOMContentLoaded\",function(){document.querySelectorAll('.wpcf7-form').forEach(function(e){e.addEventListener('submit',function(){if(document.getElementById('cf-turnstile-cf7-2833486034')){setTimeout(function(){turnstile.reset('#cf-turnstile-cf7-2833486034');},1000)}})})});<\/script> <\/div>\n<p><span class=\"wpcf7-form-control-wrap\" data-name=\"politica\"><span class=\"wpcf7-form-control wpcf7-acceptance\"><span class=\"wpcf7-list-item\"><label><input type=\"checkbox\" name=\"politica\" value=\"1\" aria-invalid=\"false\" \/><span class=\"wpcf7-list-item-label\">He le\u00eddo y acepto <a href=\"https:\/\/cembogatell.com\/es\/politica-privacidad\/\"> pol\u00edtica de privacidad <\/a><\/span><\/label><\/span><\/span><\/span>\n<\/p>\n<p style=\"margin-bottom: -10px; margin-top: 5px\"><input class=\"wpcf7-form-control wpcf7-submit has-spinner\" id=\"boto-formulari\" type=\"submit\" value=\"ENVIAR\" \/>\n<\/p>\n<font size=\"1\">\n\t<p style=\"line-height:100%; text-align:justify\">INFORMACI\u00d3N B\u00c1SICA SOBRE PROTECCI\u00d3N DE DATOS. Responsable: CET10 (COL\u00b7LECTIU D'ESPORT PER A TOTHOM 10 CLUB). Finalidades: a) Actividades comerciales por distintos medios y canales de comunicaci\u00f3n de iniciativas y servicios de entidades CET10 y colaboradores. b) Gestionar las solicitudes relacionadas con cualquier iniciativa de entidades de CET10 y colaboradores. Legitimaci\u00f3n: Consentimiento del interesado. Destinatarios: Se prev\u00e9, en su caso, la comunicaci\u00f3n de los datos del interesado a la entidad de CET10 responsable de la actividad solicitada. Derechos: Tiene derecho a acceder, rectificar y suprimir los datos u oponerse al tratamiento de los mismos o a alguna de las finalidades, as\u00ed como otros derechos, como se explica en la informaci\u00f3n adicional. Informaci\u00f3n adicional: Puede consultar la informaci\u00f3n adicional y detallada sobre Protecci\u00f3n de Datos en el link de pol\u00edtica de privacidad. Esta web est\u00e1 protegida por Cloudflare Turnstile, herramienta con titularidad Cloudflare Inc., entidad que tratar\u00e1 determinados datos del usuario. M\u00e1s informaci\u00f3n sobre t\u00e9rminos y condiciones de Cloudflare en este <a href=\" https:\/\/www.cloudflare.com\/es-es\/website-terms\/\" style=\"color:black\"  target=\"blank\">enlace.<\/a> Ver c\u00f3mo Cloudflare trata tus datos disponibles <a href=\"https:\/\/www.cloudflare.com\/es-es\/privacypolicy\/\" style=\"color:black\"  target=\"blank\">aqu\u00ed.<\/a>\n\t<\/p>\n<\/font><div class=\"wpcf7-response-output\" aria-hidden=\"true\"><\/div>\n<\/form>\n<\/div>\n[vc_raw_html css=\u00bb.vc_custom_1708603753338{margin-bottom: 0px !important;}\u00bb]JTNDc2NyaXB0JTNFJTBBZG9jdW1lbnQuYWRkRXZlbnRMaXN0ZW5lciUyOCUyMCUyN3dwY2Y3bWFpbHNlbnQlMjclMkMlMjBmdW5jdGlvbiUyOCUyMGV2ZW50JTIwJTI5JTIwJTdCJTBBJTIwJTIwbG9jYXRpb24lMjAlM0QlMjAlMjdodHRwcyUzQSUyRiUyRmNlbWJvZ2F0ZWxsLmNvbSUyRmVzJTJGbXVjaGFzLWdyYWNpYXMtYW5pdmVyc2FyaW8lMkYlMjclM0IlMEElN0QlMkMlMjBmYWxzZSUyMCUyOSUzQiUwQSUzQyUyRnNjcmlwdCUzRQ==[\/vc_raw_html][\/vc_column][\/vc_row]<\/p>\n<\/div>","protected":false},"excerpt":{"rendered":"<p>[vc_row full_width=\u00bbstretch_row_content_no_spaces\u00bb type=\u00bbvc_default\u00bb css=\u00bb.vc_custom_1708602701356{margin-bottom: -10px !important;background-image: url(https:\/\/cembogatell.com\/wp-content\/uploads\/sites\/35\/2023\/09\/BOG-aniversari-futbol.webp?id=5023) !important;background-position: center !important;background-repeat: no-repeat !important;background-size: cover !important;}\u00bb][vc_column offset=\u00bbvc_hidden-lg vc_hidden-md vc_hidden-sm\u00bb css=\u00bb.vc_custom_1708602376131{margin-bottom: -30px !important;}\u00bb][vc_column_text css=\u00bb.vc_custom_1708603812123{padding-top: 33px !important;padding-right: 30px !important;padding-bottom: 63px !important;padding-left: 30px !important;}\u00bb] Fiesta de aniversario: \u00a1cel\u00e9brala con nosotros! [\/vc_column_text][\/vc_column][\/vc_row][vc_row full_width=\u00bbstretch_row_content_no_spaces\u00bb type=\u00bbvc_default\u00bb css=\u00bb.vc_custom_1694709487701{margin-bottom: 30px !important;background-image: url(https:\/\/cembogatell.com\/wp-content\/uploads\/sites\/35\/2023\/09\/BOG-aniversari-futbol.webp?id=5023) !important;background-position: center !important;background-repeat: no-repeat !important;background-size: cover !important;}\u00bb][vc_column offset=\u00bbvc_hidden-xs\u00bb][vc_custom_heading text=\u00bbFiesta de cumplea\u00f1os: \u00a1cel\u00e9brala con&hellip;<\/p>\n","protected":false},"author":67,"featured_media":0,"parent":0,"menu_order":0,"comment_status":"closed","ping_status":"closed","template":"","meta":{"footnotes":""},"class_list":["post-2760","page","type-page","status-publish","hentry","description-off"],"yoast_head":"<!-- This site is optimized with the Yoast SEO plugin v26.8 - https:\/\/yoast.com\/product\/yoast-seo-wordpress\/ -->\n<title>Fiesta cumplea\u00f1os: celebra tu fiesta de aniversario en el CEM Bogatell<\/title>\n<meta name=\"description\" content=\"Fiesta de cumplea\u00f1os: ven con tus amigos y amigas a jugar a f\u00fatbol. \u00a1Vivir\u00e1s una experiencia divertida y deportiva!\" \/>\n<meta name=\"robots\" content=\"index, follow, max-snippet:-1, max-image-preview:large, max-video-preview:-1\" \/>\n<link rel=\"canonical\" href=\"https:\/\/cembogatell.com\/es\/fiesta-aniversario\/\" \/>\n<meta property=\"og:locale\" content=\"es_ES\" \/>\n<meta property=\"og:type\" content=\"article\" \/>\n<meta property=\"og:title\" content=\"Fiesta cumplea\u00f1os: celebra tu fiesta de aniversario en el CEM Bogatell\" \/>\n<meta property=\"og:description\" content=\"Fiesta de cumplea\u00f1os: ven con tus amigos y amigas a jugar a f\u00fatbol. \u00a1Vivir\u00e1s una experiencia divertida y deportiva!\" \/>\n<meta property=\"og:url\" content=\"https:\/\/cembogatell.com\/es\/fiesta-aniversario\/\" \/>\n<meta property=\"og:site_name\" content=\"CEM Bogatell\" \/>\n<meta property=\"article:modified_time\" content=\"2026-03-23T12:15:41+00:00\" \/>\n<meta name=\"twitter:card\" content=\"summary_large_image\" \/>\n<meta name=\"twitter:label1\" content=\"Tiempo de lectura\" \/>\n\t<meta name=\"twitter:data1\" content=\"2 minutos\" \/>\n<script type=\"application\/ld+json\" class=\"yoast-schema-graph\">{\"@context\":\"https:\/\/schema.org\",\"@graph\":[{\"@type\":\"WebPage\",\"@id\":\"https:\/\/cembogatell.com\/es\/fiesta-aniversario\/\",\"url\":\"https:\/\/cembogatell.com\/es\/fiesta-aniversario\/\",\"name\":\"Fiesta cumplea\u00f1os: celebra tu fiesta de aniversario en el CEM Bogatell\",\"isPartOf\":{\"@id\":\"https:\/\/cembogatell.com\/es\/#website\"},\"datePublished\":\"2021-12-09T11:27:52+00:00\",\"dateModified\":\"2026-03-23T12:15:41+00:00\",\"description\":\"Fiesta de cumplea\u00f1os: ven con tus amigos y amigas a jugar a f\u00fatbol. \u00a1Vivir\u00e1s una experiencia divertida y deportiva!\",\"breadcrumb\":{\"@id\":\"https:\/\/cembogatell.com\/es\/fiesta-aniversario\/#breadcrumb\"},\"inLanguage\":\"es\",\"potentialAction\":[{\"@type\":\"ReadAction\",\"target\":[\"https:\/\/cembogatell.com\/es\/fiesta-aniversario\/\"]}]},{\"@type\":\"BreadcrumbList\",\"@id\":\"https:\/\/cembogatell.com\/es\/fiesta-aniversario\/#breadcrumb\",\"itemListElement\":[{\"@type\":\"ListItem\",\"position\":1,\"name\":\"Portada\",\"item\":\"https:\/\/cembogatell.com\/es\/\"},{\"@type\":\"ListItem\",\"position\":2,\"name\":\"Fiesta de aniversario\"}]},{\"@type\":\"WebSite\",\"@id\":\"https:\/\/cembogatell.com\/es\/#website\",\"url\":\"https:\/\/cembogatell.com\/es\/\",\"name\":\"CEM Bogatell\",\"description\":\"Futbol sala, camp i escola de futbol a Barcelona\",\"publisher\":{\"@id\":\"https:\/\/cembogatell.com\/es\/#organization\"},\"potentialAction\":[{\"@type\":\"SearchAction\",\"target\":{\"@type\":\"EntryPoint\",\"urlTemplate\":\"https:\/\/cembogatell.com\/es\/?s={search_term_string}\"},\"query-input\":{\"@type\":\"PropertyValueSpecification\",\"valueRequired\":true,\"valueName\":\"search_term_string\"}}],\"inLanguage\":\"es\"},{\"@type\":\"Organization\",\"@id\":\"https:\/\/cembogatell.com\/es\/#organization\",\"name\":\"CDM Escuelas de San Ant\u00f3n\",\"url\":\"https:\/\/cembogatell.com\/es\/\",\"logo\":{\"@type\":\"ImageObject\",\"inLanguage\":\"es\",\"@id\":\"https:\/\/cembogatell.com\/es\/#\/schema\/logo\/image\/\",\"url\":\"https:\/\/cembogatell.com\/wp-content\/uploads\/sites\/35\/2022\/01\/logo-bogatell-horitzontal-online-web-desktop.png\",\"contentUrl\":\"https:\/\/cembogatell.com\/wp-content\/uploads\/sites\/35\/2022\/01\/logo-bogatell-horitzontal-online-web-desktop.png\",\"width\":234,\"height\":80,\"caption\":\"CDM Escuelas de San Ant\u00f3n\"},\"image\":{\"@id\":\"https:\/\/cembogatell.com\/es\/#\/schema\/logo\/image\/\"}}]}<\/script>\n<!-- \/ Yoast SEO plugin. -->","yoast_head_json":{"title":"Fiesta cumplea\u00f1os: celebra tu fiesta de aniversario en el CEM Bogatell","description":"Fiesta de cumplea\u00f1os: ven con tus amigos y amigas a jugar a f\u00fatbol. \u00a1Vivir\u00e1s una experiencia divertida y deportiva!","robots":{"index":"index","follow":"follow","max-snippet":"max-snippet:-1","max-image-preview":"max-image-preview:large","max-video-preview":"max-video-preview:-1"},"canonical":"https:\/\/cembogatell.com\/es\/fiesta-aniversario\/","og_locale":"es_ES","og_type":"article","og_title":"Fiesta cumplea\u00f1os: celebra tu fiesta de aniversario en el CEM Bogatell","og_description":"Fiesta de cumplea\u00f1os: ven con tus amigos y amigas a jugar a f\u00fatbol. \u00a1Vivir\u00e1s una experiencia divertida y deportiva!","og_url":"https:\/\/cembogatell.com\/es\/fiesta-aniversario\/","og_site_name":"CEM Bogatell","article_modified_time":"2026-03-23T12:15:41+00:00","twitter_card":"summary_large_image","twitter_misc":{"Tiempo de lectura":"2 minutos"},"schema":{"@context":"https:\/\/schema.org","@graph":[{"@type":"WebPage","@id":"https:\/\/cembogatell.com\/es\/fiesta-aniversario\/","url":"https:\/\/cembogatell.com\/es\/fiesta-aniversario\/","name":"Fiesta cumplea\u00f1os: celebra tu fiesta de aniversario en el CEM Bogatell","isPartOf":{"@id":"https:\/\/cembogatell.com\/es\/#website"},"datePublished":"2021-12-09T11:27:52+00:00","dateModified":"2026-03-23T12:15:41+00:00","description":"Fiesta de cumplea\u00f1os: ven con tus amigos y amigas a jugar a f\u00fatbol. \u00a1Vivir\u00e1s una experiencia divertida y deportiva!","breadcrumb":{"@id":"https:\/\/cembogatell.com\/es\/fiesta-aniversario\/#breadcrumb"},"inLanguage":"es","potentialAction":[{"@type":"ReadAction","target":["https:\/\/cembogatell.com\/es\/fiesta-aniversario\/"]}]},{"@type":"BreadcrumbList","@id":"https:\/\/cembogatell.com\/es\/fiesta-aniversario\/#breadcrumb","itemListElement":[{"@type":"ListItem","position":1,"name":"Portada","item":"https:\/\/cembogatell.com\/es\/"},{"@type":"ListItem","position":2,"name":"Fiesta de aniversario"}]},{"@type":"WebSite","@id":"https:\/\/cembogatell.com\/es\/#website","url":"https:\/\/cembogatell.com\/es\/","name":"CEM Bogatell","description":"Futbol sala, camp i escola de futbol a Barcelona","publisher":{"@id":"https:\/\/cembogatell.com\/es\/#organization"},"potentialAction":[{"@type":"SearchAction","target":{"@type":"EntryPoint","urlTemplate":"https:\/\/cembogatell.com\/es\/?s={search_term_string}"},"query-input":{"@type":"PropertyValueSpecification","valueRequired":true,"valueName":"search_term_string"}}],"inLanguage":"es"},{"@type":"Organization","@id":"https:\/\/cembogatell.com\/es\/#organization","name":"CDM Escuelas de San Ant\u00f3n","url":"https:\/\/cembogatell.com\/es\/","logo":{"@type":"ImageObject","inLanguage":"es","@id":"https:\/\/cembogatell.com\/es\/#\/schema\/logo\/image\/","url":"https:\/\/cembogatell.com\/wp-content\/uploads\/sites\/35\/2022\/01\/logo-bogatell-horitzontal-online-web-desktop.png","contentUrl":"https:\/\/cembogatell.com\/wp-content\/uploads\/sites\/35\/2022\/01\/logo-bogatell-horitzontal-online-web-desktop.png","width":234,"height":80,"caption":"CDM Escuelas de San Ant\u00f3n"},"image":{"@id":"https:\/\/cembogatell.com\/es\/#\/schema\/logo\/image\/"}}]}},"_links":{"self":[{"href":"https:\/\/cembogatell.com\/es\/wp-json\/wp\/v2\/pages\/2760","targetHints":{"allow":["GET"]}}],"collection":[{"href":"https:\/\/cembogatell.com\/es\/wp-json\/wp\/v2\/pages"}],"about":[{"href":"https:\/\/cembogatell.com\/es\/wp-json\/wp\/v2\/types\/page"}],"author":[{"embeddable":true,"href":"https:\/\/cembogatell.com\/es\/wp-json\/wp\/v2\/users\/67"}],"replies":[{"embeddable":true,"href":"https:\/\/cembogatell.com\/es\/wp-json\/wp\/v2\/comments?post=2760"}],"version-history":[{"count":1,"href":"https:\/\/cembogatell.com\/es\/wp-json\/wp\/v2\/pages\/2760\/revisions"}],"predecessor-version":[{"id":127247,"href":"https:\/\/cembogatell.com\/es\/wp-json\/wp\/v2\/pages\/2760\/revisions\/127247"}],"wp:attachment":[{"href":"https:\/\/cembogatell.com\/es\/wp-json\/wp\/v2\/media?parent=2760"}],"curies":[{"name":"wp","href":"https:\/\/api.w.org\/{rel}","templated":true}]}}