{"id":2752,"date":"2020-06-22T13:01:10","date_gmt":"2020-06-22T13:01:10","guid":{"rendered":"https:\/\/cembogatell.com\/area-clients\/"},"modified":"2025-05-19T14:08:31","modified_gmt":"2025-05-19T14:08:31","slug":"area-clientes","status":"publish","type":"page","link":"https:\/\/cembogatell.com\/es\/area-clientes\/","title":{"rendered":"\u00c1rea clientes"},"content":{"rendered":"<div class=\"wpb-content-wrapper\"><p>[vc_row full_width=\u00bbstretch_row_content_no_spaces\u00bb type=\u00bbvc_default\u00bb css=\u00bb.vc_custom_1694761891991{background-image: url(https:\/\/cembogatell.com\/wp-content\/uploads\/sites\/35\/2023\/09\/BOG-area-client-1.webp?id=5053) !important;background-position: center !important;background-repeat: no-repeat !important;background-size: cover !important;}\u00bb][vc_column offset=\u00bbvc_hidden-lg vc_hidden-md vc_hidden-sm\u00bb css=\u00bb.vc_custom_1689929929147{margin-bottom: -30px !important;}\u00bb][vc_column_text css=\u00bb.vc_custom_1694761827944{padding-top: 68px !important;padding-bottom: 68px !important;}\u00bb]<\/p>\n<p style=\"text-align: center; font-family: Roboto; font-size: 35px; line-height: 40px;\"><span style=\"color: #ffffff;\"><strong>\u00c1rea cliente, realiza<br \/>\ntus gestiones online<br \/>\n<\/strong><\/span><\/p>\n<p>[\/vc_column_text][\/vc_column][\/vc_row][vc_row full_width=\u00bbstretch_row_content_no_spaces\u00bb type=\u00bbvc_default\u00bb css=\u00bb.vc_custom_1694761902693{margin-bottom: 10px !important;background-image: url(https:\/\/cembogatell.com\/wp-content\/uploads\/sites\/35\/2023\/09\/BOG-area-client-1.webp?id=5053) !important;background-position: center !important;background-repeat: no-repeat !important;background-size: cover !important;}\u00bb][vc_column offset=\u00bbvc_hidden-xs\u00bb][vc_custom_heading text=\u00bb\u00c1rea cliente, realiza tus gestiones online\u00bb font_container=\u00bbtag:h1|font_size:50px|text_align:center|color:%23ffffff|line_height:60px\u00bb use_theme_fonts=\u00bbyes\u00bb css=\u00bb.vc_custom_1747663672105{padding-top: 151px !important;padding-bottom: 160px !important;}\u00bb][\/vc_column][\/vc_row][vc_row][vc_column width=\u00bb1\/2&#8243;][vc_custom_heading text=\u00bbBienvenido\/a al \u00e1rea de clientes\u00bb font_container=\u00bbtag:h2|font_size:32|text_align:left|line_height:40px\u00bb use_theme_fonts=\u00bbyes\u00bb][vc_column_text]Te damos la bienvenida al \u00e1rea de clientes del CEM Bogatell.[\/vc_column_text][vc_column_text css=\u00bb.vc_custom_1649241334874{margin-bottom: 31px !important;padding-top: 30px !important;padding-right: 30px !important;padding-bottom: 30px !important;padding-left: 30px !important;background-color: #f7f7f7 !important;}\u00bb]<\/p>\n<h2>Nota importante<\/h2>\n<p>1.\u00a0 La reserva de pista se puede hacer con un 1 mes de antelaci\u00f3n.<br \/>\n2. Si es la primera vez que vienes al club, ponte en contacto con nosotros en el 932 216 567.[\/vc_column_text]<style type=\"text\/css\" data-type=\"the7_shortcodes-inline-css\">#default-btn-5af1a2e00e3356e8a2e44b6cf7edc9cc {\n  border-radius: 0px;\n  font-size: 15px;\n  line-height: 17px;\n}\n.btn-shadow#default-btn-5af1a2e00e3356e8a2e44b6cf7edc9cc {\n  box-shadow: 0 1px 6px rgba(0,0,0,0.12);\n  transition: box-shadow 0.2s ease-out, opacity 0.45s;\n}\n.btn-shadow#default-btn-5af1a2e00e3356e8a2e44b6cf7edc9cc:hover {\n  box-shadow: 0 5px 11px 0 rgba(0,0,0,0.18), 0 4px 15px 0 rgba(0,0,0,0.15);\n}\n.btn-3d#default-btn-5af1a2e00e3356e8a2e44b6cf7edc9cc {\n  box-shadow: 0px 2px 0px 0px #ae7013;\n}\n.btn-3d#default-btn-5af1a2e00e3356e8a2e44b6cf7edc9cc:hover {\n  box-shadow: 0px 2px 0px 0px #9e6112;\n}\n.btn-flat#default-btn-5af1a2e00e3356e8a2e44b6cf7edc9cc {\n  box-shadow: none;\n}\n.btn-flat#default-btn-5af1a2e00e3356e8a2e44b6cf7edc9cc:hover {\n  box-shadow: none;\n}\n#default-btn-5af1a2e00e3356e8a2e44b6cf7edc9cc.ico-right-side > i {\n  margin-right: 0px;\n  margin-left: 8px;\n}\n#default-btn-5af1a2e00e3356e8a2e44b6cf7edc9cc > i {\n  margin-right: 8px;\n  font-size: 12px;\n}\n#default-btn-5af1a2e00e3356e8a2e44b6cf7edc9cc:not(:hover) {\n  border-width: 0px;\n  background: #ff9900 !important;\n  padding: 15px 18px 15px 18px;\n}\n#default-btn-5af1a2e00e3356e8a2e44b6cf7edc9cc:hover {\n  border-width: 0px;\n  background: #ed8600 !important;\n  padding: 15px 18px 15px 18px;\n}\n#default-btn-5af1a2e00e3356e8a2e44b6cf7edc9cc.ico-right-side > i {\n  margin-right: 0px;\n  margin-left: 8px;\n}\n#default-btn-5af1a2e00e3356e8a2e44b6cf7edc9cc > i {\n  margin-right: 8px;\n}<\/style><div class=\"btn-align-center\"><a href=\"http:\/\/cembogatell.matchpoint.com.es\/Login.aspx\" class=\"default-btn-shortcode dt-btn link-hover-off btn-flat \" id=\"default-btn-5af1a2e00e3356e8a2e44b6cf7edc9cc\" style=\"width:550px;\"><span>ENTRA EN EL \u00c1REA DE CLIENTES Y RESERVA<\/span><\/a><\/div>[\/vc_column][vc_column width=\u00bb1\/2&#8243;][vc_column_text]Si tienes cualquier duda, ll\u00e1manos al 932 216 567 o env\u00edanos un email a <strong><a href=\"mailto:info@cembogatell.com\">info@cembogatell.com.<\/a><\/strong>[\/vc_column_text][vc_column_text]<img fetchpriority=\"high\" decoding=\"async\" class=\"alignnone wp-image-1823\" src=\"https:\/\/cembogatell.com\/wp-content\/uploads\/sites\/35\/2021\/05\/area-cliente-centro-artos-300x150.jpg\" alt=\"\u00e1rea cliente centro art\u00f3s deporte\" width=\"652\" height=\"326\" srcset=\"https:\/\/cembogatell.com\/wp-content\/uploads\/sites\/35\/2021\/05\/area-cliente-centro-artos-300x150.jpg 300w, https:\/\/cembogatell.com\/wp-content\/uploads\/sites\/35\/2021\/05\/area-cliente-centro-artos.jpg 567w\" sizes=\"(max-width: 652px) 100vw, 652px\" \/>[\/vc_column_text][\/vc_column][\/vc_row]<\/p>\n<\/div>","protected":false},"excerpt":{"rendered":"<p>[vc_row full_width=\u00bbstretch_row_content_no_spaces\u00bb type=\u00bbvc_default\u00bb css=\u00bb.vc_custom_1694761891991{background-image: url(https:\/\/cembogatell.com\/wp-content\/uploads\/sites\/35\/2023\/09\/BOG-area-client-1.webp?id=5053) !important;background-position: center !important;background-repeat: no-repeat !important;background-size: cover !important;}\u00bb][vc_column offset=\u00bbvc_hidden-lg vc_hidden-md vc_hidden-sm\u00bb css=\u00bb.vc_custom_1689929929147{margin-bottom: -30px !important;}\u00bb][vc_column_text css=\u00bb.vc_custom_1694761827944{padding-top: 68px !important;padding-bottom: 68px !important;}\u00bb] \u00c1rea cliente, realiza tus gestiones online [\/vc_column_text][\/vc_column][\/vc_row][vc_row full_width=\u00bbstretch_row_content_no_spaces\u00bb type=\u00bbvc_default\u00bb css=\u00bb.vc_custom_1694761902693{margin-bottom: 10px !important;background-image: url(https:\/\/cembogatell.com\/wp-content\/uploads\/sites\/35\/2023\/09\/BOG-area-client-1.webp?id=5053) !important;background-position: center !important;background-repeat: no-repeat !important;background-size: cover !important;}\u00bb][vc_column offset=\u00bbvc_hidden-xs\u00bb][vc_custom_heading text=\u00bb\u00c1rea cliente, realiza tus gestiones online\u00bb font_container=\u00bbtag:h1|font_size:50px|text_align:center|color:%23ffffff|line_height:60px\u00bb use_theme_fonts=\u00bbyes\u00bb css=\u00bb.vc_custom_1747663672105{padding-top: 151px !important;padding-bottom:&hellip;<\/p>\n","protected":false},"author":4,"featured_media":0,"parent":0,"menu_order":0,"comment_status":"closed","ping_status":"closed","template":"","meta":{"footnotes":""},"class_list":["post-2752","page","type-page","status-publish","hentry","description-off"],"yoast_head":"<!-- This site is optimized with the Yoast SEO plugin v26.8 - https:\/\/yoast.com\/product\/yoast-seo-wordpress\/ -->\n<title>\u00c1rea de clientes - CEM Bogatell - Realiza tus gestiones<\/title>\n<meta name=\"description\" content=\"\u00c1rea de clientes del CEM Bogatell. Alquila tu campo de f\u00fatbol, ap\u00fantate a nuestras ligas de f\u00fatbol sala. \u00a1Todo esto y mucho m\u00e1s!\" \/>\n<meta name=\"robots\" content=\"index, follow, max-snippet:-1, max-image-preview:large, max-video-preview:-1\" \/>\n<link rel=\"canonical\" href=\"https:\/\/cembogatell.com\/es\/area-clientes\/\" \/>\n<meta property=\"og:locale\" content=\"es_ES\" \/>\n<meta property=\"og:type\" content=\"article\" \/>\n<meta property=\"og:title\" content=\"\u00c1rea de clientes - CEM Bogatell - Realiza tus gestiones\" \/>\n<meta property=\"og:description\" content=\"\u00c1rea de clientes del CEM Bogatell. Alquila tu campo de f\u00fatbol, ap\u00fantate a nuestras ligas de f\u00fatbol sala. \u00a1Todo esto y mucho m\u00e1s!\" \/>\n<meta property=\"og:url\" content=\"https:\/\/cembogatell.com\/es\/area-clientes\/\" \/>\n<meta property=\"og:site_name\" content=\"CEM Bogatell\" \/>\n<meta property=\"article:modified_time\" content=\"2025-05-19T14:08:31+00:00\" \/>\n<meta property=\"og:image\" content=\"https:\/\/cembogatell.com\/wp-content\/uploads\/sites\/35\/2021\/05\/area-cliente-centro-artos.jpg\" \/>\n\t<meta property=\"og:image:width\" content=\"567\" \/>\n\t<meta property=\"og:image:height\" content=\"283\" \/>\n\t<meta property=\"og:image:type\" content=\"image\/jpeg\" \/>\n<meta name=\"twitter:card\" content=\"summary_large_image\" \/>\n<meta name=\"twitter:label1\" content=\"Tiempo de lectura\" \/>\n\t<meta name=\"twitter:data1\" content=\"1 minuto\" \/>\n<script type=\"application\/ld+json\" class=\"yoast-schema-graph\">{\"@context\":\"https:\/\/schema.org\",\"@graph\":[{\"@type\":\"WebPage\",\"@id\":\"https:\/\/cembogatell.com\/es\/area-clientes\/\",\"url\":\"https:\/\/cembogatell.com\/es\/area-clientes\/\",\"name\":\"\u00c1rea de clientes - CEM Bogatell - Realiza tus gestiones\",\"isPartOf\":{\"@id\":\"https:\/\/cembogatell.com\/es\/#website\"},\"primaryImageOfPage\":{\"@id\":\"https:\/\/cembogatell.com\/es\/area-clientes\/#primaryimage\"},\"image\":{\"@id\":\"https:\/\/cembogatell.com\/es\/area-clientes\/#primaryimage\"},\"thumbnailUrl\":\"https:\/\/cembogatell.com\/wp-content\/uploads\/sites\/35\/2021\/05\/area-cliente-centro-artos-300x150.jpg\",\"datePublished\":\"2020-06-22T13:01:10+00:00\",\"dateModified\":\"2025-05-19T14:08:31+00:00\",\"description\":\"\u00c1rea de clientes del CEM Bogatell. Alquila tu campo de f\u00fatbol, ap\u00fantate a nuestras ligas de f\u00fatbol sala. \u00a1Todo esto y mucho m\u00e1s!\",\"breadcrumb\":{\"@id\":\"https:\/\/cembogatell.com\/es\/area-clientes\/#breadcrumb\"},\"inLanguage\":\"es\",\"potentialAction\":[{\"@type\":\"ReadAction\",\"target\":[\"https:\/\/cembogatell.com\/es\/area-clientes\/\"]}]},{\"@type\":\"ImageObject\",\"inLanguage\":\"es\",\"@id\":\"https:\/\/cembogatell.com\/es\/area-clientes\/#primaryimage\",\"url\":\"https:\/\/cembogatell.com\/wp-content\/uploads\/sites\/35\/2021\/05\/area-cliente-centro-artos-300x150.jpg\",\"contentUrl\":\"https:\/\/cembogatell.com\/wp-content\/uploads\/sites\/35\/2021\/05\/area-cliente-centro-artos-300x150.jpg\"},{\"@type\":\"BreadcrumbList\",\"@id\":\"https:\/\/cembogatell.com\/es\/area-clientes\/#breadcrumb\",\"itemListElement\":[{\"@type\":\"ListItem\",\"position\":1,\"name\":\"Portada\",\"item\":\"https:\/\/cembogatell.com\/es\/\"},{\"@type\":\"ListItem\",\"position\":2,\"name\":\"\u00c1rea clientes\"}]},{\"@type\":\"WebSite\",\"@id\":\"https:\/\/cembogatell.com\/es\/#website\",\"url\":\"https:\/\/cembogatell.com\/es\/\",\"name\":\"CEM Bogatell\",\"description\":\"Futbol sala, camp i escola de futbol a Barcelona\",\"publisher\":{\"@id\":\"https:\/\/cembogatell.com\/es\/#organization\"},\"potentialAction\":[{\"@type\":\"SearchAction\",\"target\":{\"@type\":\"EntryPoint\",\"urlTemplate\":\"https:\/\/cembogatell.com\/es\/?s={search_term_string}\"},\"query-input\":{\"@type\":\"PropertyValueSpecification\",\"valueRequired\":true,\"valueName\":\"search_term_string\"}}],\"inLanguage\":\"es\"},{\"@type\":\"Organization\",\"@id\":\"https:\/\/cembogatell.com\/es\/#organization\",\"name\":\"CDM Escuelas de San Ant\u00f3n\",\"url\":\"https:\/\/cembogatell.com\/es\/\",\"logo\":{\"@type\":\"ImageObject\",\"inLanguage\":\"es\",\"@id\":\"https:\/\/cembogatell.com\/es\/#\/schema\/logo\/image\/\",\"url\":\"https:\/\/cembogatell.com\/wp-content\/uploads\/sites\/35\/2022\/01\/logo-bogatell-horitzontal-online-web-desktop.png\",\"contentUrl\":\"https:\/\/cembogatell.com\/wp-content\/uploads\/sites\/35\/2022\/01\/logo-bogatell-horitzontal-online-web-desktop.png\",\"width\":234,\"height\":80,\"caption\":\"CDM Escuelas de San Ant\u00f3n\"},\"image\":{\"@id\":\"https:\/\/cembogatell.com\/es\/#\/schema\/logo\/image\/\"}}]}<\/script>\n<!-- \/ Yoast SEO plugin. -->","yoast_head_json":{"title":"\u00c1rea de clientes - CEM Bogatell - Realiza tus gestiones","description":"\u00c1rea de clientes del CEM Bogatell. Alquila tu campo de f\u00fatbol, ap\u00fantate a nuestras ligas de f\u00fatbol sala. \u00a1Todo esto y mucho m\u00e1s!","robots":{"index":"index","follow":"follow","max-snippet":"max-snippet:-1","max-image-preview":"max-image-preview:large","max-video-preview":"max-video-preview:-1"},"canonical":"https:\/\/cembogatell.com\/es\/area-clientes\/","og_locale":"es_ES","og_type":"article","og_title":"\u00c1rea de clientes - CEM Bogatell - Realiza tus gestiones","og_description":"\u00c1rea de clientes del CEM Bogatell. Alquila tu campo de f\u00fatbol, ap\u00fantate a nuestras ligas de f\u00fatbol sala. \u00a1Todo esto y mucho m\u00e1s!","og_url":"https:\/\/cembogatell.com\/es\/area-clientes\/","og_site_name":"CEM Bogatell","article_modified_time":"2025-05-19T14:08:31+00:00","og_image":[{"width":567,"height":283,"url":"https:\/\/cembogatell.com\/wp-content\/uploads\/sites\/35\/2021\/05\/area-cliente-centro-artos.jpg","type":"image\/jpeg"}],"twitter_card":"summary_large_image","twitter_misc":{"Tiempo de lectura":"1 minuto"},"schema":{"@context":"https:\/\/schema.org","@graph":[{"@type":"WebPage","@id":"https:\/\/cembogatell.com\/es\/area-clientes\/","url":"https:\/\/cembogatell.com\/es\/area-clientes\/","name":"\u00c1rea de clientes - CEM Bogatell - Realiza tus gestiones","isPartOf":{"@id":"https:\/\/cembogatell.com\/es\/#website"},"primaryImageOfPage":{"@id":"https:\/\/cembogatell.com\/es\/area-clientes\/#primaryimage"},"image":{"@id":"https:\/\/cembogatell.com\/es\/area-clientes\/#primaryimage"},"thumbnailUrl":"https:\/\/cembogatell.com\/wp-content\/uploads\/sites\/35\/2021\/05\/area-cliente-centro-artos-300x150.jpg","datePublished":"2020-06-22T13:01:10+00:00","dateModified":"2025-05-19T14:08:31+00:00","description":"\u00c1rea de clientes del CEM Bogatell. Alquila tu campo de f\u00fatbol, ap\u00fantate a nuestras ligas de f\u00fatbol sala. \u00a1Todo esto y mucho m\u00e1s!","breadcrumb":{"@id":"https:\/\/cembogatell.com\/es\/area-clientes\/#breadcrumb"},"inLanguage":"es","potentialAction":[{"@type":"ReadAction","target":["https:\/\/cembogatell.com\/es\/area-clientes\/"]}]},{"@type":"ImageObject","inLanguage":"es","@id":"https:\/\/cembogatell.com\/es\/area-clientes\/#primaryimage","url":"https:\/\/cembogatell.com\/wp-content\/uploads\/sites\/35\/2021\/05\/area-cliente-centro-artos-300x150.jpg","contentUrl":"https:\/\/cembogatell.com\/wp-content\/uploads\/sites\/35\/2021\/05\/area-cliente-centro-artos-300x150.jpg"},{"@type":"BreadcrumbList","@id":"https:\/\/cembogatell.com\/es\/area-clientes\/#breadcrumb","itemListElement":[{"@type":"ListItem","position":1,"name":"Portada","item":"https:\/\/cembogatell.com\/es\/"},{"@type":"ListItem","position":2,"name":"\u00c1rea clientes"}]},{"@type":"WebSite","@id":"https:\/\/cembogatell.com\/es\/#website","url":"https:\/\/cembogatell.com\/es\/","name":"CEM Bogatell","description":"Futbol sala, camp i escola de futbol a Barcelona","publisher":{"@id":"https:\/\/cembogatell.com\/es\/#organization"},"potentialAction":[{"@type":"SearchAction","target":{"@type":"EntryPoint","urlTemplate":"https:\/\/cembogatell.com\/es\/?s={search_term_string}"},"query-input":{"@type":"PropertyValueSpecification","valueRequired":true,"valueName":"search_term_string"}}],"inLanguage":"es"},{"@type":"Organization","@id":"https:\/\/cembogatell.com\/es\/#organization","name":"CDM Escuelas de San Ant\u00f3n","url":"https:\/\/cembogatell.com\/es\/","logo":{"@type":"ImageObject","inLanguage":"es","@id":"https:\/\/cembogatell.com\/es\/#\/schema\/logo\/image\/","url":"https:\/\/cembogatell.com\/wp-content\/uploads\/sites\/35\/2022\/01\/logo-bogatell-horitzontal-online-web-desktop.png","contentUrl":"https:\/\/cembogatell.com\/wp-content\/uploads\/sites\/35\/2022\/01\/logo-bogatell-horitzontal-online-web-desktop.png","width":234,"height":80,"caption":"CDM Escuelas de San Ant\u00f3n"},"image":{"@id":"https:\/\/cembogatell.com\/es\/#\/schema\/logo\/image\/"}}]}},"_links":{"self":[{"href":"https:\/\/cembogatell.com\/es\/wp-json\/wp\/v2\/pages\/2752","targetHints":{"allow":["GET"]}}],"collection":[{"href":"https:\/\/cembogatell.com\/es\/wp-json\/wp\/v2\/pages"}],"about":[{"href":"https:\/\/cembogatell.com\/es\/wp-json\/wp\/v2\/types\/page"}],"author":[{"embeddable":true,"href":"https:\/\/cembogatell.com\/es\/wp-json\/wp\/v2\/users\/4"}],"replies":[{"embeddable":true,"href":"https:\/\/cembogatell.com\/es\/wp-json\/wp\/v2\/comments?post=2752"}],"version-history":[{"count":0,"href":"https:\/\/cembogatell.com\/es\/wp-json\/wp\/v2\/pages\/2752\/revisions"}],"wp:attachment":[{"href":"https:\/\/cembogatell.com\/es\/wp-json\/wp\/v2\/media?parent=2752"}],"curies":[{"name":"wp","href":"https:\/\/api.w.org\/{rel}","templated":true}]}}