{"id":2661,"date":"2016-10-20T10:12:32","date_gmt":"2016-10-20T10:12:32","guid":{"rendered":"https:\/\/cembogatell.com\/futbol-sala\/"},"modified":"2025-05-19T14:06:05","modified_gmt":"2025-05-19T14:06:05","slug":"conocenos","status":"publish","type":"page","link":"https:\/\/cembogatell.com\/es\/conocenos\/","title":{"rendered":"Con\u00f3cenos"},"content":{"rendered":"<div class=\"wpb-content-wrapper\"><p>[vc_row full_width=\u00bbstretch_row_content_no_spaces\u00bb type=\u00bbvc_default\u00bb css=\u00bb.vc_custom_1694771401979{background-image: url(https:\/\/cembogatell.com\/wp-content\/uploads\/sites\/35\/2023\/09\/BOG-home-futbol.webp?id=5069) !important;background-position: center !important;background-repeat: no-repeat !important;background-size: cover !important;}\u00bb][vc_column offset=\u00bbvc_hidden-lg vc_hidden-md vc_hidden-sm\u00bb css=\u00bb.vc_custom_1689929929147{margin-bottom: -30px !important;}\u00bb][vc_column_text css=\u00bb.vc_custom_1694710113436{padding-top: 68px !important;padding-bottom: 68px !important;}\u00bb]<\/p>\n<p style=\"text-align: center; font-family: Roboto; font-size: 35px; line-height: 40px;\"><span style=\"color: #ffffff;\"><strong>Tu campo de f\u00fatbol sala en el Poblenou (Barcelona)<br \/>\n<\/strong><\/span><\/p>\n<p>[\/vc_column_text][\/vc_column][\/vc_row][vc_row full_width=\u00bbstretch_row_content_no_spaces\u00bb type=\u00bbvc_default\u00bb css=\u00bb.vc_custom_1694771429574{margin-bottom: 10px !important;background-image: url(https:\/\/cembogatell.com\/wp-content\/uploads\/sites\/35\/2023\/09\/BOG-home-futbol.webp?id=5069) !important;background-position: center !important;background-repeat: no-repeat !important;background-size: cover !important;}\u00bb][vc_column offset=\u00bbvc_hidden-xs\u00bb][vc_custom_heading text=\u00bbTu campo de f\u00fatbol sala en el Poblenou (Barcelona)\u00bb font_container=\u00bbtag:h1|font_size:50px|text_align:center|color:%23ffffff|line_height:60px\u00bb use_theme_fonts=\u00bbyes\u00bb css=\u00bb.vc_custom_1694710118492{padding-top: 151px !important;padding-bottom: 160px !important;}\u00bb][\/vc_column][\/vc_row][vc_row css=\u00bb.vc_custom_1649145171740{margin-bottom: 30px !important;}\u00bb][vc_column css=\u00bb.vc_custom_1694710402715{margin-bottom: -50px !important;}\u00bb][vc_custom_heading text=\u00bbConoce el CEM Bogatell\u00bb font_container=\u00bbtag:h2|font_size:36|text_align:left|line_height:40px\u00bb use_theme_fonts=\u00bbyes\u00bb][vc_separator][\/vc_column][\/vc_row][vc_row gap=\u00bb35&#8243; parallax=\u00bbcontent-moving\u00bb css=\u00bb.vc_custom_1694710434407{padding-bottom: 20px !important;background-position: 0 0;background-repeat: no-repeat !important;}\u00bb][vc_column width=\u00bb1\/2&#8243; css=\u00bb.vc_custom_1694710483981{margin-bottom: -30px !important;}\u00bb][vc_column_text]El <strong>CEM Bogatell<\/strong> es una instalaci\u00f3n de titularidad municipal gestionada por <strong><a href=\"https:\/\/cet10.com\/\">CET10<\/a><\/strong> y centrada en la pr\u00e1ctica del f\u00fatbol sala. CET10 somos una empresa de servicios deportivos que llevamos m\u00e1s de veinticinco a\u00f1os gestionando los beneficios del deporte entre nuestros usuarios, m\u00e1s de 30.000 personas, que conf\u00edan en la profesionalidad, el rigor y la atenci\u00f3n personalizada que ofrecemos en nuestros proyectos deportivos.<\/p>\n<p>Un gran espacio dedicado al f\u00fatbol 7 y f\u00fatbol sala, situado en la zona de Vila Ol\u00edmpica, cuenta con m\u00e1s de 3.600 m\u00b2 de instalaci\u00f3n, con vestuarios, campo de f\u00fatbol y cafeter\u00eda.<\/p>\n<p>En el CEM Bogatell encontrar\u00e9is:[\/vc_column_text]<div class=\"standard-arrow list-divider bullet-top\"><ul>\n<li>1 campo de f\u00fatbol 7, dividido en tres campos de f\u00fatbol sala con c\u00e9sped de \u00faltima generaci\u00f3n.<\/li>\n<li>\n<p class=\"text\">Clases de f\u00fatbol en la<strong> <a href=\"https:\/\/cembogatell.com\/es\/escuela-de-futbol\/\">escuela de f\u00fatbol.<\/a><\/strong><\/p>\n<\/li>\n<li>\n<p class=\"text\"><strong><a href=\"https:\/\/cembogatell.com\/es\/campo-de-futbol\/\">Alquiler de campo de f\u00fatbol.<\/a><\/strong><\/p>\n<\/li>\n<li>\n<p class=\"text\">Organizaci\u00f3n de<strong> <a href=\"https:\/\/cembogatell.com\/es\/liga-futbol-sala\/\">ligas de f\u00fatbol<\/a> <\/strong>corporativas y para particulares.<\/p>\n<\/li>\n<\/ul>\n<\/div>[vc_column_text]El club, lo forma un equipo de profesionales con una larga experiencia en el sector que trabajan con ilusi\u00f3n y exigencia para ofrecer un servicio deportivo global:[\/vc_column_text]<div class=\"standard-arrow list-divider bullet-top\"><ul>\n<li>Asesor\u00eda deportiva y estudios de mercado.<\/li>\n<li>Dise\u00f1o, creaci\u00f3n, gesti\u00f3n y explotaci\u00f3n de instalaciones deportivas.<\/li>\n<li>Creaci\u00f3n y organizaci\u00f3n de cualquier actividad deportiva.<\/li>\n<\/ul>\n<\/div>[vc_column_text]Actualmente gestionamos m\u00e1s de 40.000 m\u00b2 de instalaciones deportivas con m\u00e1s de 30.000 usuarios. Las personas son lo m\u00e1s importante de nuestras instalaciones y trabajamos con vocaci\u00f3n, entusiasmo y compromiso para cuidarlas y adaptarnos a sus necesidades.[\/vc_column_text][vc_custom_heading text=\u00bb\u00a1P\u00e1satelo bien jugando al f\u00fatbol sala!\u00bb use_theme_fonts=\u00bbyes\u00bb][vc_column_text]Tanto si eres un\/a apasionado\/a del f\u00fatbol sala como si tienes ganas de aprender, no dudes en probar nuestras instalaciones y servicios. Puedes reservar un campo, aprender con nuestra escuela de f\u00fatbol o apuntarte en alguna de las ligas disponibles \u00a1Te esperamos![\/vc_column_text][\/vc_column][vc_column width=\u00bb1\/2&#8243;][vc_column_text]<img fetchpriority=\"high\" decoding=\"async\" class=\" wp-image-2560\" src=\"https:\/\/cembogatell.com\/wp-content\/uploads\/sites\/35\/2019\/12\/camp-de-futbol-a-poble-nou_1-300x171.jpg\" alt=\"Futbol Sala\" width=\"584\" height=\"333\" srcset=\"https:\/\/cembogatell.com\/wp-content\/uploads\/sites\/35\/2019\/12\/camp-de-futbol-a-poble-nou_1-300x171.jpg 300w, https:\/\/cembogatell.com\/wp-content\/uploads\/sites\/35\/2019\/12\/camp-de-futbol-a-poble-nou_1.jpg 570w\" sizes=\"(max-width: 584px) 100vw, 584px\" \/><\/p>\n<p>&nbsp;<\/p>\n<p><img decoding=\"async\" class=\"alignnone wp-image-2564\" src=\"https:\/\/cembogatell.com\/wp-content\/uploads\/sites\/35\/2020\/02\/CONEIXNOS-1-300x171.jpg\" alt=\"\" width=\"581\" height=\"331\" srcset=\"https:\/\/cembogatell.com\/wp-content\/uploads\/sites\/35\/2020\/02\/CONEIXNOS-1-300x171.jpg 300w, https:\/\/cembogatell.com\/wp-content\/uploads\/sites\/35\/2020\/02\/CONEIXNOS-1.jpg 570w\" sizes=\"(max-width: 581px) 100vw, 581px\" \/><\/p>\n<p>&nbsp;<\/p>\n<p><img decoding=\"async\" class=\"alignnone wp-image-2565\" src=\"https:\/\/cembogatell.com\/wp-content\/uploads\/sites\/35\/2020\/02\/CONEIXNOS-2-300x171.jpg\" alt=\"\" width=\"577\" height=\"329\" srcset=\"https:\/\/cembogatell.com\/wp-content\/uploads\/sites\/35\/2020\/02\/CONEIXNOS-2-300x171.jpg 300w, https:\/\/cembogatell.com\/wp-content\/uploads\/sites\/35\/2020\/02\/CONEIXNOS-2.jpg 570w\" sizes=\"(max-width: 577px) 100vw, 577px\" \/>[\/vc_column_text][\/vc_column][\/vc_row]<\/p>\n<\/div>","protected":false},"excerpt":{"rendered":"<p>[vc_row full_width=\u00bbstretch_row_content_no_spaces\u00bb type=\u00bbvc_default\u00bb css=\u00bb.vc_custom_1694771401979{background-image: url(https:\/\/cembogatell.com\/wp-content\/uploads\/sites\/35\/2023\/09\/BOG-home-futbol.webp?id=5069) !important;background-position: center !important;background-repeat: no-repeat !important;background-size: cover !important;}\u00bb][vc_column offset=\u00bbvc_hidden-lg vc_hidden-md vc_hidden-sm\u00bb css=\u00bb.vc_custom_1689929929147{margin-bottom: -30px !important;}\u00bb][vc_column_text css=\u00bb.vc_custom_1694710113436{padding-top: 68px !important;padding-bottom: 68px !important;}\u00bb] Tu campo de f\u00fatbol sala en el Poblenou (Barcelona) [\/vc_column_text][\/vc_column][\/vc_row][vc_row full_width=\u00bbstretch_row_content_no_spaces\u00bb type=\u00bbvc_default\u00bb css=\u00bb.vc_custom_1694771429574{margin-bottom: 10px !important;background-image: url(https:\/\/cembogatell.com\/wp-content\/uploads\/sites\/35\/2023\/09\/BOG-home-futbol.webp?id=5069) !important;background-position: center !important;background-repeat: no-repeat !important;background-size: cover !important;}\u00bb][vc_column offset=\u00bbvc_hidden-xs\u00bb][vc_custom_heading text=\u00bbTu campo de f\u00fatbol sala en el Poblenou&hellip;<\/p>\n","protected":false},"author":4,"featured_media":0,"parent":0,"menu_order":0,"comment_status":"closed","ping_status":"closed","template":"","meta":{"footnotes":""},"class_list":["post-2661","page","type-page","status-publish","hentry","description-off"],"yoast_head":"<!-- This site is optimized with the Yoast SEO plugin v26.8 - https:\/\/yoast.com\/product\/yoast-seo-wordpress\/ -->\n<title>F\u00fatbol en el CEM Bogatell. Encu\u00e9ntranos en Poblenou (Barcelona)<\/title>\n<meta name=\"description\" content=\"El CEM Bogatell es una instalaci\u00f3n deportiva situada en el Poblenou (Barcelona) dedicada al f\u00fatbol sala. \u00a1Entra e inf\u00f3rmate de todo!\" \/>\n<meta name=\"robots\" content=\"index, follow, max-snippet:-1, max-image-preview:large, max-video-preview:-1\" \/>\n<link rel=\"canonical\" href=\"https:\/\/cembogatell.com\/es\/conocenos\/\" \/>\n<meta property=\"og:locale\" content=\"es_ES\" \/>\n<meta property=\"og:type\" content=\"article\" \/>\n<meta property=\"og:title\" content=\"F\u00fatbol en el CEM Bogatell. Encu\u00e9ntranos en Poblenou (Barcelona)\" \/>\n<meta property=\"og:description\" content=\"El CEM Bogatell es una instalaci\u00f3n deportiva situada en el Poblenou (Barcelona) dedicada al f\u00fatbol sala. \u00a1Entra e inf\u00f3rmate de todo!\" \/>\n<meta property=\"og:url\" content=\"https:\/\/cembogatell.com\/es\/conocenos\/\" \/>\n<meta property=\"og:site_name\" content=\"CEM Bogatell\" \/>\n<meta property=\"article:modified_time\" content=\"2025-05-19T14:06:05+00:00\" \/>\n<meta property=\"og:image\" content=\"https:\/\/cembogatell.com\/wp-content\/uploads\/sites\/35\/2019\/12\/camp-de-futbol-a-poble-nou_1.jpg\" \/>\n\t<meta property=\"og:image:width\" content=\"570\" \/>\n\t<meta property=\"og:image:height\" content=\"325\" \/>\n\t<meta property=\"og:image:type\" content=\"image\/jpeg\" \/>\n<meta name=\"twitter:card\" content=\"summary_large_image\" \/>\n<meta name=\"twitter:label1\" content=\"Tiempo de lectura\" \/>\n\t<meta name=\"twitter:data1\" content=\"3 minutos\" \/>\n<script type=\"application\/ld+json\" class=\"yoast-schema-graph\">{\"@context\":\"https:\/\/schema.org\",\"@graph\":[{\"@type\":\"WebPage\",\"@id\":\"https:\/\/cembogatell.com\/es\/conocenos\/\",\"url\":\"https:\/\/cembogatell.com\/es\/conocenos\/\",\"name\":\"F\u00fatbol en el CEM Bogatell. Encu\u00e9ntranos en Poblenou (Barcelona)\",\"isPartOf\":{\"@id\":\"https:\/\/cembogatell.com\/es\/#website\"},\"primaryImageOfPage\":{\"@id\":\"https:\/\/cembogatell.com\/es\/conocenos\/#primaryimage\"},\"image\":{\"@id\":\"https:\/\/cembogatell.com\/es\/conocenos\/#primaryimage\"},\"thumbnailUrl\":\"https:\/\/cembogatell.com\/wp-content\/uploads\/sites\/35\/2019\/12\/camp-de-futbol-a-poble-nou_1-300x171.jpg\",\"datePublished\":\"2016-10-20T10:12:32+00:00\",\"dateModified\":\"2025-05-19T14:06:05+00:00\",\"description\":\"El CEM Bogatell es una instalaci\u00f3n deportiva situada en el Poblenou (Barcelona) dedicada al f\u00fatbol sala. \u00a1Entra e inf\u00f3rmate de todo!\",\"breadcrumb\":{\"@id\":\"https:\/\/cembogatell.com\/es\/conocenos\/#breadcrumb\"},\"inLanguage\":\"es\",\"potentialAction\":[{\"@type\":\"ReadAction\",\"target\":[\"https:\/\/cembogatell.com\/es\/conocenos\/\"]}]},{\"@type\":\"ImageObject\",\"inLanguage\":\"es\",\"@id\":\"https:\/\/cembogatell.com\/es\/conocenos\/#primaryimage\",\"url\":\"https:\/\/cembogatell.com\/wp-content\/uploads\/sites\/35\/2019\/12\/camp-de-futbol-a-poble-nou_1-300x171.jpg\",\"contentUrl\":\"https:\/\/cembogatell.com\/wp-content\/uploads\/sites\/35\/2019\/12\/camp-de-futbol-a-poble-nou_1-300x171.jpg\"},{\"@type\":\"BreadcrumbList\",\"@id\":\"https:\/\/cembogatell.com\/es\/conocenos\/#breadcrumb\",\"itemListElement\":[{\"@type\":\"ListItem\",\"position\":1,\"name\":\"Portada\",\"item\":\"https:\/\/cembogatell.com\/es\/\"},{\"@type\":\"ListItem\",\"position\":2,\"name\":\"Con\u00f3cenos\"}]},{\"@type\":\"WebSite\",\"@id\":\"https:\/\/cembogatell.com\/es\/#website\",\"url\":\"https:\/\/cembogatell.com\/es\/\",\"name\":\"CEM Bogatell\",\"description\":\"Futbol sala, camp i escola de futbol a Barcelona\",\"publisher\":{\"@id\":\"https:\/\/cembogatell.com\/es\/#organization\"},\"potentialAction\":[{\"@type\":\"SearchAction\",\"target\":{\"@type\":\"EntryPoint\",\"urlTemplate\":\"https:\/\/cembogatell.com\/es\/?s={search_term_string}\"},\"query-input\":{\"@type\":\"PropertyValueSpecification\",\"valueRequired\":true,\"valueName\":\"search_term_string\"}}],\"inLanguage\":\"es\"},{\"@type\":\"Organization\",\"@id\":\"https:\/\/cembogatell.com\/es\/#organization\",\"name\":\"CDM Escuelas de San Ant\u00f3n\",\"url\":\"https:\/\/cembogatell.com\/es\/\",\"logo\":{\"@type\":\"ImageObject\",\"inLanguage\":\"es\",\"@id\":\"https:\/\/cembogatell.com\/es\/#\/schema\/logo\/image\/\",\"url\":\"https:\/\/cembogatell.com\/wp-content\/uploads\/sites\/35\/2022\/01\/logo-bogatell-horitzontal-online-web-desktop.png\",\"contentUrl\":\"https:\/\/cembogatell.com\/wp-content\/uploads\/sites\/35\/2022\/01\/logo-bogatell-horitzontal-online-web-desktop.png\",\"width\":234,\"height\":80,\"caption\":\"CDM Escuelas de San Ant\u00f3n\"},\"image\":{\"@id\":\"https:\/\/cembogatell.com\/es\/#\/schema\/logo\/image\/\"}}]}<\/script>\n<!-- \/ Yoast SEO plugin. -->","yoast_head_json":{"title":"F\u00fatbol en el CEM Bogatell. Encu\u00e9ntranos en Poblenou (Barcelona)","description":"El CEM Bogatell es una instalaci\u00f3n deportiva situada en el Poblenou (Barcelona) dedicada al f\u00fatbol sala. \u00a1Entra e inf\u00f3rmate de todo!","robots":{"index":"index","follow":"follow","max-snippet":"max-snippet:-1","max-image-preview":"max-image-preview:large","max-video-preview":"max-video-preview:-1"},"canonical":"https:\/\/cembogatell.com\/es\/conocenos\/","og_locale":"es_ES","og_type":"article","og_title":"F\u00fatbol en el CEM Bogatell. Encu\u00e9ntranos en Poblenou (Barcelona)","og_description":"El CEM Bogatell es una instalaci\u00f3n deportiva situada en el Poblenou (Barcelona) dedicada al f\u00fatbol sala. \u00a1Entra e inf\u00f3rmate de todo!","og_url":"https:\/\/cembogatell.com\/es\/conocenos\/","og_site_name":"CEM Bogatell","article_modified_time":"2025-05-19T14:06:05+00:00","og_image":[{"width":570,"height":325,"url":"https:\/\/cembogatell.com\/wp-content\/uploads\/sites\/35\/2019\/12\/camp-de-futbol-a-poble-nou_1.jpg","type":"image\/jpeg"}],"twitter_card":"summary_large_image","twitter_misc":{"Tiempo de lectura":"3 minutos"},"schema":{"@context":"https:\/\/schema.org","@graph":[{"@type":"WebPage","@id":"https:\/\/cembogatell.com\/es\/conocenos\/","url":"https:\/\/cembogatell.com\/es\/conocenos\/","name":"F\u00fatbol en el CEM Bogatell. Encu\u00e9ntranos en Poblenou (Barcelona)","isPartOf":{"@id":"https:\/\/cembogatell.com\/es\/#website"},"primaryImageOfPage":{"@id":"https:\/\/cembogatell.com\/es\/conocenos\/#primaryimage"},"image":{"@id":"https:\/\/cembogatell.com\/es\/conocenos\/#primaryimage"},"thumbnailUrl":"https:\/\/cembogatell.com\/wp-content\/uploads\/sites\/35\/2019\/12\/camp-de-futbol-a-poble-nou_1-300x171.jpg","datePublished":"2016-10-20T10:12:32+00:00","dateModified":"2025-05-19T14:06:05+00:00","description":"El CEM Bogatell es una instalaci\u00f3n deportiva situada en el Poblenou (Barcelona) dedicada al f\u00fatbol sala. \u00a1Entra e inf\u00f3rmate de todo!","breadcrumb":{"@id":"https:\/\/cembogatell.com\/es\/conocenos\/#breadcrumb"},"inLanguage":"es","potentialAction":[{"@type":"ReadAction","target":["https:\/\/cembogatell.com\/es\/conocenos\/"]}]},{"@type":"ImageObject","inLanguage":"es","@id":"https:\/\/cembogatell.com\/es\/conocenos\/#primaryimage","url":"https:\/\/cembogatell.com\/wp-content\/uploads\/sites\/35\/2019\/12\/camp-de-futbol-a-poble-nou_1-300x171.jpg","contentUrl":"https:\/\/cembogatell.com\/wp-content\/uploads\/sites\/35\/2019\/12\/camp-de-futbol-a-poble-nou_1-300x171.jpg"},{"@type":"BreadcrumbList","@id":"https:\/\/cembogatell.com\/es\/conocenos\/#breadcrumb","itemListElement":[{"@type":"ListItem","position":1,"name":"Portada","item":"https:\/\/cembogatell.com\/es\/"},{"@type":"ListItem","position":2,"name":"Con\u00f3cenos"}]},{"@type":"WebSite","@id":"https:\/\/cembogatell.com\/es\/#website","url":"https:\/\/cembogatell.com\/es\/","name":"CEM Bogatell","description":"Futbol sala, camp i escola de futbol a Barcelona","publisher":{"@id":"https:\/\/cembogatell.com\/es\/#organization"},"potentialAction":[{"@type":"SearchAction","target":{"@type":"EntryPoint","urlTemplate":"https:\/\/cembogatell.com\/es\/?s={search_term_string}"},"query-input":{"@type":"PropertyValueSpecification","valueRequired":true,"valueName":"search_term_string"}}],"inLanguage":"es"},{"@type":"Organization","@id":"https:\/\/cembogatell.com\/es\/#organization","name":"CDM Escuelas de San Ant\u00f3n","url":"https:\/\/cembogatell.com\/es\/","logo":{"@type":"ImageObject","inLanguage":"es","@id":"https:\/\/cembogatell.com\/es\/#\/schema\/logo\/image\/","url":"https:\/\/cembogatell.com\/wp-content\/uploads\/sites\/35\/2022\/01\/logo-bogatell-horitzontal-online-web-desktop.png","contentUrl":"https:\/\/cembogatell.com\/wp-content\/uploads\/sites\/35\/2022\/01\/logo-bogatell-horitzontal-online-web-desktop.png","width":234,"height":80,"caption":"CDM Escuelas de San Ant\u00f3n"},"image":{"@id":"https:\/\/cembogatell.com\/es\/#\/schema\/logo\/image\/"}}]}},"_links":{"self":[{"href":"https:\/\/cembogatell.com\/es\/wp-json\/wp\/v2\/pages\/2661","targetHints":{"allow":["GET"]}}],"collection":[{"href":"https:\/\/cembogatell.com\/es\/wp-json\/wp\/v2\/pages"}],"about":[{"href":"https:\/\/cembogatell.com\/es\/wp-json\/wp\/v2\/types\/page"}],"author":[{"embeddable":true,"href":"https:\/\/cembogatell.com\/es\/wp-json\/wp\/v2\/users\/4"}],"replies":[{"embeddable":true,"href":"https:\/\/cembogatell.com\/es\/wp-json\/wp\/v2\/comments?post=2661"}],"version-history":[{"count":0,"href":"https:\/\/cembogatell.com\/es\/wp-json\/wp\/v2\/pages\/2661\/revisions"}],"wp:attachment":[{"href":"https:\/\/cembogatell.com\/es\/wp-json\/wp\/v2\/media?parent=2661"}],"curies":[{"name":"wp","href":"https:\/\/api.w.org\/{rel}","templated":true}]}}